{"id":296,"date":"2017-11-20T10:40:24","date_gmt":"2017-11-20T09:40:24","guid":{"rendered":"https:\/\/heikoobermoeller.de\/cms2017\/?page_id=296"},"modified":"2023-09-18T11:44:15","modified_gmt":"2023-09-18T09:44:15","slug":"impressum","status":"publish","type":"page","link":"https:\/\/heikoobermoeller.de\/en\/impressum\/","title":{"rendered":"Legal"},"content":{"rendered":"<p><strong>Information on the host of this website<\/strong><br \/>\nDiese Website wird von Heiko Oberm\u00f6ller betrieben. Das Unternehmen wird gesetzlich durch Heiko Oberm\u00f6ller vertreten.<\/p>\n<p><strong>Registration<\/strong><br \/>\nSteuernummer: 219\/5241\/2651 (Finanzamt K\u00f6ln-S\u00fcd)<br \/>\nUST-ID: DE309542736<br \/>\nAmtsgericht K\u00f6ln<\/p>\n<p><strong>Postal address<\/strong><br \/>\nc\/o Volker Sonntag<br \/>\nMelchiorstr. 31<br \/>\n50670 K\u00f6ln<\/p>\n<p><strong>Contact<\/strong><br \/>\nPhone: <a href=\"tel:+492217327042\">+49 (221) 732 70 42<\/a><br \/>\nMail: <a href=\"mailto:sonntag@tag-7.de\">sonntag@tag-7.de<\/a><br \/>\n<a href=\"mailto:sonntag@tag-7.de\" titel=\"e-mail to Tag-7, Volker Sonntag\" ><img loading=\"lazy\" decoding=\"async\" src=\"https:\/\/heikoobermoeller.de\/cms2017\/wp-content\/uploads\/2017\/09\/tag-7mail.jpg\" alt=\"e-mail to Tag-7, Volker Sonntag\" width=\"50\" height=\"77\" class=\"alignnone size-full wp-image-285\" style=\"margin: 30px 0 0 8px; \" \/><\/a><\/p>\n<p><strong>Settlement of disputes<\/strong><br \/>\nPlattform der EU\u2013Kommission zur Online-Streitbeilegung: <a href=\"https:\/\/www.ec.europa.eu\/consumers\/odr\" rel=\"noopener\" target=\"_blank\">www.ec.europa.eu\/consumers\/odr<\/a><br \/>\nWir weisen allerdings darauf hin, dass wir grunds\u00e4tzlich nicht bereit sind, an einem Schlichtungsverfahren teilzunehmen.<\/p>\n<p><strong>Disclaimer<\/strong><br \/>\nDiese Website wird mit gr\u00f6\u00dftm\u00f6glicher Sorgfalt zusammengestellt. Trotzdem kann keine Gew\u00e4hr f\u00fcr die Fehlerfreiheit und Genauigkeit der enthaltenen Informationen \u00fcbernommen werden. Jegliche Haftung f\u00fcr Sch\u00e4den, die direkt oder indirekt aus der Benutzung dieser Website entstehen, wird ausgeschlossen, soweit diese nicht auf Vorsatz oder grober Fahrl\u00e4ssigkeit beruhen. Sofern von dieser Website auf Internetseiten verwiesen wird, die von Dritten betrieben werden, \u00fcbernimmt Heiko Oberm\u00f6ller keine Verantwortung f\u00fcr deren Inhalte.<\/p>\n<p><strong>Responsible for the content<\/strong><br \/>\nHeiko Oberm\u00f6ller<br \/>\nc\/o Volker Sonntag<br \/>\nMelchiorstrasse 31<br \/>\n50670 K\u00f6ln<br \/>\nDeutschland<\/p>\n<p><strong>Design &#038; graphics<\/strong><br \/>\nFriedrich Breidenich<br \/>\nD-50678 K\u00f6ln<br \/>\nMail: <a href=\"mailto:friedrich@breidenich.de\">friedrich@breidenich.de<\/a><br \/>\nWebsite: <a href=\"http:\/\/breidenich.de\/\" rel=\"noopener\" target=\"_blank\">breidenich.de<\/a><\/p>\n<p>Photos: Jennifer Fey, Carsten Arnold<\/p>\n<p><strong>Implementation<\/strong><br \/>\nStefan Barth<br \/>\nD-54584 J\u00fcnkerath<br \/>\nMail: <a href=\"mailto:s.barth@barthdesign.de\">s.barth@barthdesign.de<\/a><br \/>\nWebsite: <a href=\"https:\/\/barthdesign.de\/\" rel=\"noopener\" target=\"_blank\">barthdesign.de<\/a><\/p>\n<p><strong>Labels, trade marks<\/strong><br \/>\nSoweit nicht anders angegeben, sind alle Markenzeichen auf dieser Website markenrechtlich zugunsten Heiko Oberm\u00f6ller und\/oder der K\u00fcnstler gesch\u00fctzt. Dies gilt insbesondere f\u00fcr Labelnamen, Logos und Embleme.<\/p>\n<p><strong>Copyright:<\/strong><br \/>\nAll materials on this website \u2013 photos, text, video, audio and graphics of any kind \u2013 are the intellectual property of Heiko Oberm\u00f6ller, the photographers or video providers. They are shown here exclusively for non-commercial presentation purposes. Full or partial reproduction subject to prior written approval by the respective owners only.<\/p>\n<p>All contents of this website are protected by copyright and in particular speech and voiceover examples are are also subject to the protection of general personal rights.<\/p>\n<p>Any duplication, distribution, public reproduction and any kind of exploitation, as well as the editing of such content, require the expressed consent of the respective copyrights holder. Such consent shall be deemed to have been given if the content is used for the actual purpose of the website (e.&nbsp;g. casting of voices).<\/p>\n<p>Any kind of reproduction or other use of the audio and video content for the purpose of technical evaluation and analysis for application in the field of &#8220;artificial intelligence&#8221;, for example for training or for generating artificial voices (e.&nbsp;g. cloning of voices) or gaining knowledge about characteristic features of the personal voice \/ speech of the performer by means of software-supported procedures is not permitted. Archiving the recordings for such purposes is also not permitted.<\/p>\n","protected":false},"excerpt":{"rendered":"<p>Information on the host of this website Diese Website wird von Heiko Oberm\u00f6ller betrieben. Das Unternehmen wird gesetzlich durch Heiko Oberm\u00f6ller vertreten. Registration Steuernummer: 219\/5241\/2651 (Finanzamt K\u00f6ln-S\u00fcd) UST-ID: DE309542736 Amtsgericht K\u00f6ln Postal address c\/o Volker Sonntag Melchiorstr. 31 50670 K\u00f6ln Contact Phone: +49 (221) 732 70 42 Mail: sonntag@tag-7.de Settlement of disputes Plattform der EU\u2013Kommission &hellip; <\/p>\n<p class=\"link-more\"><a href=\"https:\/\/heikoobermoeller.de\/en\/impressum\/\" class=\"more-link\">Continue reading<span class=\"screen-reader-text\"> &#8220;Legal&#8221;<\/span><\/a><\/p>\n","protected":false},"author":1,"featured_media":0,"parent":0,"menu_order":0,"comment_status":"closed","ping_status":"closed","template":"","meta":{"_locale":"en_US","_original_post":"40","footnotes":""},"class_list":["post-296","page","type-page","status-publish","hentry","en-US"],"_links":{"self":[{"href":"https:\/\/heikoobermoeller.de\/wp-json\/wp\/v2\/pages\/296"}],"collection":[{"href":"https:\/\/heikoobermoeller.de\/wp-json\/wp\/v2\/pages"}],"about":[{"href":"https:\/\/heikoobermoeller.de\/wp-json\/wp\/v2\/types\/page"}],"author":[{"embeddable":true,"href":"https:\/\/heikoobermoeller.de\/wp-json\/wp\/v2\/users\/1"}],"replies":[{"embeddable":true,"href":"https:\/\/heikoobermoeller.de\/wp-json\/wp\/v2\/comments?post=296"}],"version-history":[{"count":5,"href":"https:\/\/heikoobermoeller.de\/wp-json\/wp\/v2\/pages\/296\/revisions"}],"predecessor-version":[{"id":830,"href":"https:\/\/heikoobermoeller.de\/wp-json\/wp\/v2\/pages\/296\/revisions\/830"}],"wp:attachment":[{"href":"https:\/\/heikoobermoeller.de\/wp-json\/wp\/v2\/media?parent=296"}],"curies":[{"name":"wp","href":"https:\/\/api.w.org\/{rel}","templated":true}]}}